{"id":296,"date":"2025-05-26T23:21:26","date_gmt":"2025-05-26T23:21:26","guid":{"rendered":"http:\/\/goactive365.com\/?page_id=296"},"modified":"2025-06-22T11:31:15","modified_gmt":"2025-06-22T11:31:15","slug":"leche-de-cabra","status":"publish","type":"page","link":"https:\/\/goactive365.com\/en\/leche-de-cabra\/","title":{"rendered":"Back to nature"},"content":{"rendered":"<div class=\"wp-block-columns is-layout-flex wp-container-core-columns-is-layout-28f84493 wp-block-columns-is-layout-flex\">\n<div class=\"wp-block-column is-vertically-aligned-center has-global-padding is-layout-constrained wp-block-column-is-layout-constrained\">\n<figure class=\"wp-block-image aligncenter size-full is-resized is-style-default\"><img loading=\"lazy\" decoding=\"async\" width=\"512\" height=\"341\" src=\"http:\/\/goactive365.com\/wp-content\/uploads\/2025\/05\/cabritas-cobrero-farma.jpg\" alt=\"\" class=\"wp-image-77\" style=\"width:657px;height:auto\" srcset=\"https:\/\/goactive365.com\/wp-content\/uploads\/2025\/05\/cabritas-cobrero-farma.jpg 512w, https:\/\/goactive365.com\/wp-content\/uploads\/2025\/05\/cabritas-cobrero-farma-300x200.jpg 300w\" sizes=\"auto, (max-width: 512px) 100vw, 512px\" \/><\/figure>\n<\/div>\n<\/div>\n\n\n\n<div class=\"wp-block-columns is-layout-flex wp-container-core-columns-is-layout-28f84493 wp-block-columns-is-layout-flex\">\n<div class=\"wp-block-column is-layout-flow wp-block-column-is-layout-flow\">\n<p class=\"has-text-align-center has-pale-pink-color has-text-color has-link-color has-large-font-size wp-elements-5047fe55d9c2283d27bd52935c7d85a5\"><strong>Goat milk contains numerous nutritional properties and is considered one of the most complete foods.<\/strong><\/p>\n\n\n\n<p>It is an increasingly popular product worldwide and integrated into the diet of millions of people. In addition, many people who are allergic to cow's milk can drink goat's milk because it contains less casein.<\/p>\n\n\n\n<p>It is an ideal substitute for intolerant to cow's milk protein, more digestive, less allergenic, and in the case of the Goactive range a source of health in a glass of milk.<\/p>\n\n\n\n<p>The demand for goat milk and its derivatives is growing exponentially year after year, becoming a trend not only in gourmet, but also in healthy diets and lifestyles.<\/p>\n\n\n\n<p>It is an ideal substitute for intolerant to cow's milk protein, more digestive, less allergenic, and in the case of the Goactive range a source of health in a glass of milk.<\/p>\n\n\n\n<p>Some of the benefits and reasons to use goat&#039;s milk would be their easy-to-digest and easy-tolerance.<\/p>\n\n\n\n<p>It contains numerous vitamins and minerals, being a source of nutritional properties essential for a healthy life.<\/p>\n\n\n\n<p>Several studies have shown that consumption of this type of milk contributes to favorable growth of muscle fibers. It is possible to jointly reduce systemic inflammation during recovery from anemia and iron overload by including fermented goat milk in the diet.<\/p>\n\n\n\n<p>This measure may offer a dietary alternative to moderate the inflammatory response associated with conventional iron supplementation.<\/p>\n\n\n\n<p>In addition, studies affirm that the use of plant sterols prevents cardiovascular diseases by regulating exogenous cholesterol levels.<\/p>\n\n\n\n<p class=\"has-text-align-center has-pale-pink-color has-text-color has-link-color has-large-font-size wp-elements-052f2178dc6979076c70c532af6e9406\"><strong>Goat milk highlights<\/strong><\/p>\n\n\n\n<p><\/p>\n\n\n\n<p class=\"has-regular-font-size\"><strong>Traditional and functional benefits<\/strong><\/p>\n\n\n\n<ul class=\"wp-block-list\">\n<li>Help in the <strong>recovery of the anemia<\/strong>thanks to its ability to regenerate hemoglobin, facilitating transport of oxygen to the tissues.<\/li>\n\n\n\n<li>It contains <strong>less casein<\/strong>\u00a0than cow's milk, which improves its digestive tolerance.<\/li>\n\n\n\n<li>Rich in <strong>oligosaccharides prebiotics<\/strong>, which promote the balance of intestinal microbiota and prevent dysbiosis.<\/li>\n\n\n\n<li>It is a good <strong>digestive restorative,<\/strong>with neutralizing effect of acidity. Often recommended in cases of <strong>gastritis, ulcers, and heartburn.<\/strong><\/li>\n<\/ul>\n\n\n\n<p><\/p>\n\n\n\n<p class=\"has-regular-font-size\"><strong>Scientifically proven benefits&nbsp;<\/strong><\/p>\n\n\n\n<p>Recent studies have shown that the <strong>fermented goat milk<\/strong>&nbsp;offers unique benefits:<\/p>\n\n\n\n<ul class=\"wp-block-list\">\n<li>Improves <strong>cellular genetic stability,<\/strong>thanks to its content of magnesium and zinc (D\u00edaz-Castro et al., 2010).<\/li>\n\n\n\n<li>It favors <strong>weight control and body composition,<\/strong>by modulating leptin, ghrelin, and irisin (D\u00edaz-Castro et al., 2017).<\/li>\n\n\n\n<li>It reduces the <strong>chronic inflammation<\/strong>\u00a0and have effects <strong>immunomodulators<\/strong>\u00a0(L\u00f3pez-Aliaga et al., 2018).<\/li>\n\n\n\n<li>Strengthens <strong>immune function,<\/strong>especially in cases of iron deficiency (Garcia-Burgos et al., 2022).<\/li>\n\n\n\n<li>It has an <strong>ergogenic effect,<\/strong>improving lean mass and muscle metabolism in active people (Moreno-Fern\u00e1ndez et al., 2017).<\/li>\n\n\n\n<li>Contributes to the <strong>cardiovascular care,<\/strong>reducing proinflammatory biomarkers (Mu\u00f1oz-Alf\u00e9rez et al., 2019).<\/li>\n<\/ul>\n\n\n\n<p><\/p>\n<\/div>\n<\/div>","protected":false},"excerpt":{"rendered":"<p>La leche de cabra contiene numerosas propiedades nutricionales, consider\u00e1ndose uno de los alimentos m\u00e1s completos. Es un producto cada vez m\u00e1s popular mundialmente e integrado en la dieta de millones de personas. Adem\u00e1s, muchas personas a las que les produce alergia la leche de vaca pueden beber la leche de cabra pues contiene menos case\u00edna. [&hellip;]<\/p>","protected":false},"author":1,"featured_media":0,"parent":0,"menu_order":0,"comment_status":"closed","ping_status":"closed","template":"page-no-header-image","meta":{"footnotes":""},"class_list":["post-296","page","type-page","status-publish","hentry"],"_links":{"self":[{"href":"https:\/\/goactive365.com\/en\/wp-json\/wp\/v2\/pages\/296","targetHints":{"allow":["GET"]}}],"collection":[{"href":"https:\/\/goactive365.com\/en\/wp-json\/wp\/v2\/pages"}],"about":[{"href":"https:\/\/goactive365.com\/en\/wp-json\/wp\/v2\/types\/page"}],"author":[{"embeddable":true,"href":"https:\/\/goactive365.com\/en\/wp-json\/wp\/v2\/users\/1"}],"replies":[{"embeddable":true,"href":"https:\/\/goactive365.com\/en\/wp-json\/wp\/v2\/comments?post=296"}],"version-history":[{"count":17,"href":"https:\/\/goactive365.com\/en\/wp-json\/wp\/v2\/pages\/296\/revisions"}],"predecessor-version":[{"id":402,"href":"https:\/\/goactive365.com\/en\/wp-json\/wp\/v2\/pages\/296\/revisions\/402"}],"wp:attachment":[{"href":"https:\/\/goactive365.com\/en\/wp-json\/wp\/v2\/media?parent=296"}],"curies":[{"name":"wp","href":"https:\/\/api.w.org\/{rel}","templated":true}]}}