{"id":209,"date":"2025-05-26T18:32:30","date_gmt":"2025-05-26T18:32:30","guid":{"rendered":"http:\/\/goactive365.com\/?page_id=209"},"modified":"2025-10-08T17:39:35","modified_gmt":"2025-10-08T17:39:35","slug":"productos","status":"publish","type":"page","link":"https:\/\/goactive365.com\/en\/productos\/","title":{"rendered":"Products"},"content":{"rendered":"<div class=\"wp-block-columns is-layout-flex wp-container-core-columns-is-layout-28f84493 wp-block-columns-is-layout-flex\">\n<div class=\"wp-block-column is-layout-flow wp-block-column-is-layout-flow\">\n<p class=\"has-text-align-center has-foreground-color has-text-color has-link-color has-large-font-size wp-elements-fe4e1e90a76e70eb293f0a8d922a8959\">GOACTIVE <strong>IMMUNE<\/strong><\/p>\n\n\n\n<figure class=\"wp-block-image size-large\"><img loading=\"lazy\" decoding=\"async\" width=\"1024\" height=\"772\" src=\"https:\/\/goactive365.com\/wp-content\/uploads\/2025\/10\/Goactive-caja-verde-Amazon-2K2-1024x772.png\" alt=\"\" class=\"wp-image-678\" srcset=\"https:\/\/goactive365.com\/wp-content\/uploads\/2025\/10\/Goactive-caja-verde-Amazon-2K2-1024x772.png 1024w, https:\/\/goactive365.com\/wp-content\/uploads\/2025\/10\/Goactive-caja-verde-Amazon-2K2-300x226.png 300w, https:\/\/goactive365.com\/wp-content\/uploads\/2025\/10\/Goactive-caja-verde-Amazon-2K2-768x579.png 768w, https:\/\/goactive365.com\/wp-content\/uploads\/2025\/10\/Goactive-caja-verde-Amazon-2K2.png 1753w\" sizes=\"auto, (max-width: 1024px) 100vw, 1024px\" \/><\/figure>\n<\/div>\n\n\n\n<div class=\"wp-block-column is-layout-flow wp-block-column-is-layout-flow\">\n<p class=\"has-text-align-center has-foreground-color has-text-color has-link-color has-large-font-size wp-elements-e84cb0b48423b66a20551c64a62f4ff3\">GOACTIVE <strong>CARDIO<\/strong><\/p>\n\n\n\n<figure class=\"wp-block-image size-large\"><img loading=\"lazy\" decoding=\"async\" width=\"1024\" height=\"792\" src=\"https:\/\/goactive365.com\/wp-content\/uploads\/2025\/10\/Goactive-caja-rosada-Amazon-2K2-1024x792.png\" alt=\"\" class=\"wp-image-677\" srcset=\"https:\/\/goactive365.com\/wp-content\/uploads\/2025\/10\/Goactive-caja-rosada-Amazon-2K2-1024x792.png 1024w, https:\/\/goactive365.com\/wp-content\/uploads\/2025\/10\/Goactive-caja-rosada-Amazon-2K2-300x232.png 300w, https:\/\/goactive365.com\/wp-content\/uploads\/2025\/10\/Goactive-caja-rosada-Amazon-2K2-768x594.png 768w, https:\/\/goactive365.com\/wp-content\/uploads\/2025\/10\/Goactive-caja-rosada-Amazon-2K2.png 1756w\" sizes=\"auto, (max-width: 1024px) 100vw, 1024px\" \/><\/figure>\n<\/div>\n<\/div>\n\n\n\n<div class=\"wp-block-group about-us has-global-padding is-layout-constrained wp-container-core-group-is-layout-12243e0f wp-block-group-is-layout-constrained\">\n<div class=\"wp-block-columns is-layout-flex wp-container-core-columns-is-layout-28f84493 wp-block-columns-is-layout-flex\">\n<div class=\"wp-block-column is-layout-flow wp-block-column-is-layout-flow\">\n<div class=\"wp-block-cover is-light\" style=\"min-height:54px;aspect-ratio:unset;\"><span aria-hidden=\"true\" class=\"wp-block-cover__background has-second-bg-background-color has-background-dim-100 has-background-dim\"><\/span><div class=\"wp-block-cover__inner-container has-global-padding is-layout-constrained wp-block-cover-is-layout-constrained\">\n<div class=\"wp-block-group is-vertical is-layout-flex wp-container-core-group-is-layout-fe9cc265 wp-block-group-is-layout-flex\">\n<figure class=\"wp-block-image size-full is-resized\"><img loading=\"lazy\" decoding=\"async\" width=\"1000\" height=\"1000\" src=\"http:\/\/goactive365.com\/wp-content\/uploads\/2025\/05\/icon1.png\" alt=\"\" class=\"wp-image-234\" style=\"width:72px;height:auto\" srcset=\"https:\/\/goactive365.com\/wp-content\/uploads\/2025\/05\/icon1.png 1000w, https:\/\/goactive365.com\/wp-content\/uploads\/2025\/05\/icon1-300x300.png 300w, https:\/\/goactive365.com\/wp-content\/uploads\/2025\/05\/icon1-150x150.png 150w, https:\/\/goactive365.com\/wp-content\/uploads\/2025\/05\/icon1-768x768.png 768w\" sizes=\"auto, (max-width: 1000px) 100vw, 1000px\" \/><\/figure>\n\n\n\n<p>Box of 20 sachets of 10 g each.<\/p>\n<\/div>\n<\/div><\/div>\n<\/div>\n\n\n\n<div class=\"wp-block-column is-layout-flow wp-block-column-is-layout-flow\">\n<div class=\"wp-block-cover is-light\" style=\"min-height:54px;aspect-ratio:unset;\"><span aria-hidden=\"true\" class=\"wp-block-cover__background has-second-bg-background-color has-background-dim-100 has-background-dim\"><\/span><div class=\"wp-block-cover__inner-container has-global-padding is-layout-constrained wp-block-cover-is-layout-constrained\">\n<div class=\"wp-block-group is-vertical is-layout-flex wp-container-core-group-is-layout-fe9cc265 wp-block-group-is-layout-flex\">\n<figure class=\"wp-block-image size-full is-resized\"><img loading=\"lazy\" decoding=\"async\" width=\"1000\" height=\"1000\" src=\"http:\/\/goactive365.com\/wp-content\/uploads\/2025\/05\/icon2.png\" alt=\"\" class=\"wp-image-235\" style=\"width:72px;height:auto\" srcset=\"https:\/\/goactive365.com\/wp-content\/uploads\/2025\/05\/icon2.png 1000w, https:\/\/goactive365.com\/wp-content\/uploads\/2025\/05\/icon2-300x300.png 300w, https:\/\/goactive365.com\/wp-content\/uploads\/2025\/05\/icon2-150x150.png 150w, https:\/\/goactive365.com\/wp-content\/uploads\/2025\/05\/icon2-768x768.png 768w\" sizes=\"auto, (max-width: 1000px) 100vw, 1000px\" \/><\/figure>\n\n\n\n<p>1 sachet per day from Monday to Friday and rest at the weekend: practical, effective and designed to fit into your lifestyle. 20 sachets, 4 weeks of continuous care!<\/p>\n<\/div>\n<\/div><\/div>\n<\/div>\n\n\n\n<div class=\"wp-block-column is-layout-flow wp-block-column-is-layout-flow\">\n<div class=\"wp-block-cover is-light\" style=\"min-height:54px;aspect-ratio:unset;\"><span aria-hidden=\"true\" class=\"wp-block-cover__background has-second-bg-background-color has-background-dim-100 has-background-dim\"><\/span><div class=\"wp-block-cover__inner-container has-global-padding is-layout-constrained wp-block-cover-is-layout-constrained\">\n<div class=\"wp-block-group is-vertical is-layout-flex wp-container-core-group-is-layout-fe9cc265 wp-block-group-is-layout-flex\">\n<figure class=\"wp-block-image size-full is-resized\"><img loading=\"lazy\" decoding=\"async\" width=\"1000\" height=\"1000\" src=\"http:\/\/goactive365.com\/wp-content\/uploads\/2025\/05\/icon3.png\" alt=\"\" class=\"wp-image-236\" style=\"width:72px;height:auto\" srcset=\"https:\/\/goactive365.com\/wp-content\/uploads\/2025\/05\/icon3.png 1000w, https:\/\/goactive365.com\/wp-content\/uploads\/2025\/05\/icon3-300x300.png 300w, https:\/\/goactive365.com\/wp-content\/uploads\/2025\/05\/icon3-150x150.png 150w, https:\/\/goactive365.com\/wp-content\/uploads\/2025\/05\/icon3-768x768.png 768w\" sizes=\"auto, (max-width: 1000px) 100vw, 1000px\" \/><\/figure>\n\n\n\n<p>Preferably dissolve in half a glass of warm water or in other liquids such as coffee or infusions. For a better dissolution it is recommended to let it stand for one minute.<\/p>\n<\/div>\n<\/div><\/div>\n<\/div>\n<\/div>\n\n\n\n<div class=\"wp-block-columns is-layout-flex wp-container-core-columns-is-layout-28f84493 wp-block-columns-is-layout-flex\">\n<div class=\"wp-block-column is-layout-flow wp-block-column-is-layout-flow\">\n<div class=\"wp-block-cover is-light\" style=\"min-height:54px;aspect-ratio:unset;\"><span aria-hidden=\"true\" class=\"wp-block-cover__background has-second-bg-background-color has-background-dim-100 has-background-dim\"><\/span><div class=\"wp-block-cover__inner-container has-global-padding is-layout-constrained wp-block-cover-is-layout-constrained\">\n<div class=\"wp-block-group is-vertical is-layout-flex wp-container-core-group-is-layout-fe9cc265 wp-block-group-is-layout-flex\">\n<figure class=\"wp-block-image size-full is-resized\"><img loading=\"lazy\" decoding=\"async\" width=\"1000\" height=\"1000\" src=\"http:\/\/goactive365.com\/wp-content\/uploads\/2025\/05\/icon4.png\" alt=\"\" class=\"wp-image-237\" style=\"width:72px;height:auto\" srcset=\"https:\/\/goactive365.com\/wp-content\/uploads\/2025\/05\/icon4.png 1000w, https:\/\/goactive365.com\/wp-content\/uploads\/2025\/05\/icon4-300x300.png 300w, https:\/\/goactive365.com\/wp-content\/uploads\/2025\/05\/icon4-150x150.png 150w, https:\/\/goactive365.com\/wp-content\/uploads\/2025\/05\/icon4-768x768.png 768w\" sizes=\"auto, (max-width: 1000px) 100vw, 1000px\" \/><\/figure>\n\n\n\n<p><strong>GoActive Immune:<\/strong> Goat milk, Maltodextrin, soluble Fiber from corn (Zea mays, starch), Echinacea dry extract (Echinacea purpurea (L.) Moench, aerial part), Zinc (Zinc Gluconate), Vitamin C (sodium Ascorbate), Rice (Oryzasativa, shell), Antiaglomerantes (Silicon Dioxide), Selenium (L-Selenomethionine), Vitamin D3(Cholecalciferol).<\/p>\n\n\n\n<p><strong>GoActive Cardio<\/strong>: Goat milk, Maltodextrin, soluble Fiber from corn (Zea mays, starch), plant Sterols (Pinus sp., extract), Rice (Oryza sativa, paddy), Cyclodextrin (Zea mays, starch), anti-caking agent: Silicon Dioxide, Vitamin C (sodium Ascorbate), Vitamin B6 (pyridoxine Hydrochloride), Vitamin B2 (Riboflavin), Vitamin B12 (Cyanocobalamin).<\/p>\n<\/div>\n<\/div><\/div>\n<\/div>\n\n\n\n<div class=\"wp-block-column is-layout-flow wp-block-column-is-layout-flow\">\n<div class=\"wp-block-cover is-light\" style=\"min-height:54px;aspect-ratio:unset;\"><span aria-hidden=\"true\" class=\"wp-block-cover__background has-second-bg-background-color has-background-dim-100 has-background-dim\"><\/span><div class=\"wp-block-cover__inner-container has-global-padding is-layout-constrained wp-block-cover-is-layout-constrained\">\n<div class=\"wp-block-group is-vertical is-layout-flex wp-container-core-group-is-layout-fe9cc265 wp-block-group-is-layout-flex\">\n<figure class=\"wp-block-image size-full is-resized\"><img loading=\"lazy\" decoding=\"async\" width=\"1000\" height=\"1000\" src=\"http:\/\/goactive365.com\/wp-content\/uploads\/2025\/05\/icon5.png\" alt=\"\" class=\"wp-image-238\" style=\"width:72px;height:auto\" srcset=\"https:\/\/goactive365.com\/wp-content\/uploads\/2025\/05\/icon5.png 1000w, https:\/\/goactive365.com\/wp-content\/uploads\/2025\/05\/icon5-300x300.png 300w, https:\/\/goactive365.com\/wp-content\/uploads\/2025\/05\/icon5-150x150.png 150w, https:\/\/goactive365.com\/wp-content\/uploads\/2025\/05\/icon5-768x768.png 768w\" sizes=\"auto, (max-width: 1000px) 100vw, 1000px\" \/><\/figure>\n\n\n\n<p>Store in a cool, dry place.<br>Over time, due to the nature of some of its ingredients, the powder of the sachets may become caked or suffer small variations in appearance (color and flavor) that do not affect its quality.<br>Do not exceed the expressly recommended daily dose. Food supplements should not be used as a substitute for a varied and balanced diet and a healthy lifestyle.<br>Keep out of the reach of children.<\/p>\n<\/div>\n<\/div><\/div>\n<\/div>\n\n\n\n<div class=\"wp-block-column is-layout-flow wp-block-column-is-layout-flow\">\n<div class=\"wp-block-cover is-light\" style=\"min-height:54px;aspect-ratio:unset;\"><span aria-hidden=\"true\" class=\"wp-block-cover__background has-second-bg-background-color has-background-dim-100 has-background-dim\"><\/span><div class=\"wp-block-cover__inner-container has-global-padding is-layout-constrained wp-block-cover-is-layout-constrained\">\n<div class=\"wp-block-group is-vertical is-layout-flex wp-container-core-group-is-layout-fe9cc265 wp-block-group-is-layout-flex\">\n<figure class=\"wp-block-image size-full is-resized\"><img loading=\"lazy\" decoding=\"async\" width=\"1000\" height=\"1000\" src=\"http:\/\/goactive365.com\/wp-content\/uploads\/2025\/05\/icon6.png\" alt=\"\" class=\"wp-image-239\" style=\"width:72px;height:auto\" srcset=\"https:\/\/goactive365.com\/wp-content\/uploads\/2025\/05\/icon6.png 1000w, https:\/\/goactive365.com\/wp-content\/uploads\/2025\/05\/icon6-300x300.png 300w, https:\/\/goactive365.com\/wp-content\/uploads\/2025\/05\/icon6-150x150.png 150w, https:\/\/goactive365.com\/wp-content\/uploads\/2025\/05\/icon6-768x768.png 768w\" sizes=\"auto, (max-width: 1000px) 100vw, 1000px\" \/><\/figure>\n\n\n\n<p><strong>GoActive Immune<\/strong>: Due to its Echinacea content, it is recommended to consult with a specialist in case of pregnancy, breastfeeding, children under 12 years of age and autoimmune disease or immunosuppressant treatment.<br><strong>GoActive Cardio:<\/strong> The product may not be nutritionally appropriate for pregnant women or nursing mothers and children under 5 years of age. Patients who take medication to reduce your cholesterol level should only consume the product under medical supervision.<\/p>\n<\/div>\n<\/div><\/div>\n<\/div>\n<\/div>\n\n\n\n<div class=\"wp-block-cover is-light\" style=\"min-height:323px;aspect-ratio:unset;\" id=\"GOACTIVE_CARDIO\"><img loading=\"lazy\" decoding=\"async\" width=\"1024\" height=\"447\" class=\"wp-block-cover__image-background wp-image-215 size-large\" alt=\"\" src=\"http:\/\/goactive365.com\/wp-content\/uploads\/2025\/05\/goactive_cardio-1024x447.png\" data-object-fit=\"cover\" srcset=\"https:\/\/goactive365.com\/wp-content\/uploads\/2025\/05\/goactive_cardio-1024x447.png 1024w, https:\/\/goactive365.com\/wp-content\/uploads\/2025\/05\/goactive_cardio-300x131.png 300w, https:\/\/goactive365.com\/wp-content\/uploads\/2025\/05\/goactive_cardio-768x335.png 768w, https:\/\/goactive365.com\/wp-content\/uploads\/2025\/05\/goactive_cardio.png 1440w\" sizes=\"auto, (max-width: 1024px) 100vw, 1024px\" \/><span aria-hidden=\"true\" class=\"wp-block-cover__background has-second-bg-background-color has-background-dim\"><\/span><div class=\"wp-block-cover__inner-container has-global-padding is-layout-constrained wp-block-cover-is-layout-constrained\">\n<p class=\"has-text-align-left has-extra-large-font-size\"><strong>Take care of the engine of your body!<\/strong><\/p>\n\n\n\n<p class=\"has-text-align-left has-large-font-size\" id=\"GOACTIVE_CARDIO\">Milk-based food supplement <\/p>\n\n\n\n<p class=\"has-text-align-left has-large-font-size\" id=\"GOACTIVE_CARDIO\">goat's milk, which brings benefits <\/p>\n\n\n\n<p class=\"has-text-align-left has-large-font-size\">cardiovascular.<\/p>\n<\/div><\/div>\n\n\n\n<div class=\"wp-block-columns is-layout-flex wp-container-core-columns-is-layout-28f84493 wp-block-columns-is-layout-flex\">\n<div class=\"wp-block-column is-layout-flow wp-block-column-is-layout-flow\">\n<p><strong>GOACTIVE CARDIO<\/strong> is a food supplement in powder made from goat&#039;s milk, phytosterols, vitamins of group B, vitamin C, cyclodextrin and folic acid. Its formula is designed to take care of your cardiovascular system, control cholesterol levels and reduce inflammation, all with a delicious chocolate flavor that dissolves easily.<\/p>\n<\/div>\n\n\n\n<div class=\"wp-block-column is-layout-flow wp-block-column-is-layout-flow\">\n<div class=\"su-accordion su-u-trim\"><div class=\"su-spoiler su-spoiler-style-default su-spoiler-icon-plus su-spoiler-closed\" data-scroll-offset=\"0\" data-anchor-in-url=\"no\"><div class=\"su-spoiler-title\" tabindex=\"0\" role=\"button\"><span class=\"su-spoiler-icon\"><\/span><a><strong>What are the benefits?<\/strong><\/a><\/div><div class=\"su-spoiler-content su-u-clearfix su-u-trim\"><strong>\u2705 Helps to keep cholesterol at bay<\/strong><br>Contains 800 mg of <strong>phytosterols plant<\/strong>&nbsp;per dose, the minimum recommended amount to help <strong>maintain normal levels of blood cholesterol<\/strong>&nbsp;naturally and effectively.<\/p>\n\n\n\n<p><strong>\u2705 Supports your heart each day<\/strong><br>The <strong>vitamins B6, B12 and folic acid<\/strong>&nbsp;promote the metabolism of the <strong>homocysteine<\/strong>, a marker linked to cardiovascular risk. Keep it at the appropriate levels helps protect the arteries.<\/p>\n\n\n\n<p><strong>\u2705 Helps protect your cells from oxidative damage<\/strong><br>Thanks to the <strong>vitamin C and B2<\/strong>, which act as natural antioxidants, protecting the cells against oxidative stress and promoting the proper functioning of the immune system.<\/p>\n\n\n\n<p><strong>\u2705 Promotes the absorption and efficacy of nutrients<\/strong><br>Thanks to the <strong>cyclodextrin<\/strong>, an innovative ingredient that improves the <strong>bioavailability<\/strong>&nbsp;of active compounds, your body makes better use of the nutrients, without the need for mega-dose.<\/p>\n\n\n\n<p><strong>\u2705 Naturally digestive and better tolerated<\/strong><br>It contains <strong>Goat milk<\/strong>, which provides essential minerals such as magnesium and zinc), high protein digestibility and compounds with anti-inflammatory effect. In addition, it is <strong>easier to digest than cow&#039;s milk<\/strong>, and promotes a <strong>balanced intestinal microbiota<\/strong>fundamental to the overall health and cardiovascular.<\/div><\/div>\n\n\n\n<div class=\"su-accordion su-u-trim\"><\/div><div class=\"su-spoiler su-spoiler-style-default su-spoiler-icon-plus su-spoiler-closed\" data-scroll-offset=\"0\" data-anchor-in-url=\"no\"><div class=\"su-spoiler-title\" tabindex=\"0\" role=\"button\"><span class=\"su-spoiler-icon\"><\/span><a><strong>Why do we use goat milk?<\/strong><\/a><\/div><div class=\"su-spoiler-content su-u-clearfix su-u-trim\">Less casein = better digestion and less inflammation<\/p>\n\n\n\n<p>Oligosaccharides natural = microbiota healthy<\/p>\n\n\n\n<p>Protective effect digestive (great for people with heartburn, ulcers, or gastritis)<\/p>\n\n\n\n<p>Supports <strong>reduction of inflammatory markers of cardiovascular<\/strong>&nbsp;(Mu\u00f1oz-Ensign et al., 2019)<\/div><\/div><\/div>\n\n\n\n<div class=\"su-accordion su-u-trim\"><div class=\"su-spoiler su-spoiler-style-default su-spoiler-icon-plus su-spoiler-closed\" data-scroll-offset=\"0\" data-anchor-in-url=\"no\"><div class=\"su-spoiler-title\" tabindex=\"0\" role=\"button\"><span class=\"su-spoiler-icon\"><\/span><a><strong><strong>How is it taken?<\/strong><\/strong><\/a><\/div><div class=\"su-spoiler-content su-u-clearfix su-u-trim\">1 sachet per day from Monday to Friday, dissolved in water, coffee or tea.<br>20 sachets = 4 weeks of continuous cardiovascular care, with weekend rest.<br>Easy to incorporate into your routine and <strong>as pleasant as a hot chocolate<\/strong><\/p>\n\n\n\n<p><strong>Take care of your heart with pleasure and science<\/strong><\/p>\n\n\n\n<p>With GOACTIVE CARDIO, you don&#039;t have to choose between health and enjoyment.<br>A formula designed for people who want to <strong>feel good from the inside out,<\/strong>with scientific backing and a taste that invites you to take care of yourself every day.<\/div><\/div><\/div>\n<\/div>\n<\/div>\n\n\n\n<div class=\"wp-block-cover is-light\" style=\"min-height:323px;aspect-ratio:unset;\" id=\"GOACTIVE_INMUNE\"><img loading=\"lazy\" decoding=\"async\" width=\"1024\" height=\"447\" class=\"wp-block-cover__image-background wp-image-225 size-large\" alt=\"\" src=\"http:\/\/goactive365.com\/wp-content\/uploads\/2025\/05\/goactive_inmune-1024x447.png\" data-object-fit=\"cover\" srcset=\"https:\/\/goactive365.com\/wp-content\/uploads\/2025\/05\/goactive_inmune-1024x447.png 1024w, https:\/\/goactive365.com\/wp-content\/uploads\/2025\/05\/goactive_inmune-300x131.png 300w, https:\/\/goactive365.com\/wp-content\/uploads\/2025\/05\/goactive_inmune-768x335.png 768w, https:\/\/goactive365.com\/wp-content\/uploads\/2025\/05\/goactive_inmune.png 1440w\" sizes=\"auto, (max-width: 1024px) 100vw, 1024px\" \/><span aria-hidden=\"true\" class=\"wp-block-cover__background has-second-bg-background-color has-background-dim\"><\/span><div class=\"wp-block-cover__inner-container has-global-padding is-layout-constrained wp-block-cover-is-layout-constrained\">\n<p class=\"has-text-align-left has-extra-large-font-size\"><strong>Improving your defenses!<\/strong><\/p>\n\n\n\n<p class=\"has-text-align-left has-large-font-size\">Milk-based food supplement <\/p>\n\n\n\n<p class=\"has-text-align-left has-large-font-size\">goat milk, vitamins and minerals that <\/p>\n\n\n\n<p class=\"has-text-align-left has-large-font-size\">contribute to the proper functioning <\/p>\n\n\n\n<p class=\"has-text-align-left has-large-font-size\">the immune system<\/p>\n<\/div><\/div>\n\n\n\n<div class=\"wp-block-columns is-layout-flex wp-container-core-columns-is-layout-28f84493 wp-block-columns-is-layout-flex\">\n<div class=\"wp-block-column is-layout-flow wp-block-column-is-layout-flow\">\n<p><strong>GOACTIVE INMUNO<\/strong> It is a powdered food supplement formulated with goat's milk, prebiotic fibers, plant extracts, essential vitamins and minerals. Its unique combination is designed to <strong>strengthen your immune system<\/strong>, support your intestinal health and help you feel stronger in the face of everyday aggressions.<\/p>\n\n\n\n<p><strong>Excellent for active people as it helps to keep the body strong against physical wear and tear.<\/strong><\/p>\n<\/div>\n\n\n\n<div class=\"wp-block-column is-layout-flow wp-block-column-is-layout-flow\">\n<div class=\"su-accordion su-u-trim\"><div class=\"su-spoiler su-spoiler-style-default su-spoiler-icon-plus su-spoiler-closed\" data-scroll-offset=\"0\" data-anchor-in-url=\"no\"><div class=\"su-spoiler-title\" tabindex=\"0\" role=\"button\"><span class=\"su-spoiler-icon\"><\/span><a><strong>What are the benefits?<\/strong><\/a><\/div><div class=\"su-spoiler-content su-u-clearfix su-u-trim\"><strong>\u2705 Strengthens your immune system naturally<\/strong><br>It contains <strong>zinc, selenium, vitamin C, and vitamin D3<\/strong>, key nutrients that contribute to the <strong>normal functioning of the immune system<\/strong>&nbsp;and they help protect your cells against oxidative stress.<\/p>\n\n\n\n<p><strong>\u2705 Support herbal effectively traditional<\/strong><br>Extract <strong>Echinacea purpurea<\/strong>, a plant traditionally used to stimulate the defenses, ideal in times of increased vulnerability as seasonal changes, stress or recovery.<\/p>\n\n\n\n<p><strong>\u2705 It balances your intestinal microbiota<\/strong><br>Thanks to its content in <strong>fibers prebiotics<\/strong>, which feed the beneficial bacteria in the intestine, where there is a essential part of the immune system. A gut healthy is the key for strong immunity.<\/p>\n\n\n\n<p><strong>\u2705 High absorption, effect real<\/strong><br>The formula is designed to ensure a <strong>high bioavailability<\/strong>&nbsp;of nutrients, favoring their absorption and effectiveness from the first take.<\/p>\n\n\n\n<p><strong>\u2705 <\/strong><strong>Naturally, digestive and anti-inflammatory<\/strong><\/p>\n\n\n\n<p>With <strong>fermented goat milk<\/strong>rich in minerals like zinc and magnesium, easy to digest and with immunomodulatory properties and anti-inflammatory. Helps to reduce the impact of infections and improves recovery in cases of weakness, immune deficiency or iron (Garcia-Burgos et al., 2022).<\/div><\/div>\n\n\n\n<div class=\"su-accordion su-u-trim\"><\/div><div class=\"su-spoiler su-spoiler-style-default su-spoiler-icon-plus su-spoiler-closed\" data-scroll-offset=\"0\" data-anchor-in-url=\"no\"><div class=\"su-spoiler-title\" tabindex=\"0\" role=\"button\"><span class=\"su-spoiler-icon\"><\/span><a><strong><strong>Why goat milk?<\/strong><\/strong><\/a><\/div><div class=\"su-spoiler-content su-u-clearfix su-u-trim\">Improves <strong>cellular genetic stability,<\/strong>&nbsp;and immunity (D\u00edaz-Castro et al., 2010, 2022)<\/p>\n\n\n\n<p>Supports the intestinal microbiota and inflammation-fighting<\/p>\n\n\n\n<p>Rich in essential nutrients and easy to digest<\/p>\n\n\n\n<p>Protective effect in cases of fatigue, recurrent infections or chronic inflammation<\/div><\/div><\/div>\n\n\n\n<div class=\"su-accordion su-u-trim\"><div class=\"su-spoiler su-spoiler-style-default su-spoiler-icon-plus su-spoiler-closed\" data-scroll-offset=\"0\" data-anchor-in-url=\"no\"><div class=\"su-spoiler-title\" tabindex=\"0\" role=\"button\"><span class=\"su-spoiler-icon\"><\/span><a><strong><strong>How is it taken?<\/strong><\/strong><\/a><\/div><div class=\"su-spoiler-content su-u-clearfix su-u-trim\">1 on the day, Monday to Friday.<br>20 envelopes = 4 weeks <strong>care immune smart<\/strong>.<br>Smooth flavor of chocolate, dissolves easily in water, coffee or infusion.<\/p>\n\n\n\n<p><strong>Turn your health routine into a unique moment<\/strong><\/p>\n\n\n\n<p>Enjoy yourself beautiful with a formula functional, pleasant and effective.<br>Because to strengthen your defenses don&#039;t have to be boring, <strong>but a part of your daily well-being<\/strong>&nbsp;\ud83d\udc9a<\/div><\/div><\/div>\n\n\n\n<p><\/p>\n<\/div>\n<\/div>\n<\/div>\n\n\n\n<p><\/p>","protected":false},"excerpt":{"rendered":"<p>GOACTIVE INMUNE GOACTIVE CARDIO GOACTIVE CARDIO es un complemento alimenticio en polvo a base de leche de cabra, fitoesteroles, vitaminas del grupo B, vitamina C, ciclodextrina y \u00e1cido f\u00f3lico. Su f\u00f3rmula est\u00e1 dise\u00f1ada para cuidar tu sistema cardiovascular, controlar los niveles de colesterol y reducir la inflamaci\u00f3n, todo con un delicioso sabor a chocolate que [&hellip;]<\/p>","protected":false},"author":1,"featured_media":0,"parent":0,"menu_order":0,"comment_status":"closed","ping_status":"closed","template":"page-no-header-image","meta":{"footnotes":""},"class_list":["post-209","page","type-page","status-publish","hentry"],"_links":{"self":[{"href":"https:\/\/goactive365.com\/en\/wp-json\/wp\/v2\/pages\/209","targetHints":{"allow":["GET"]}}],"collection":[{"href":"https:\/\/goactive365.com\/en\/wp-json\/wp\/v2\/pages"}],"about":[{"href":"https:\/\/goactive365.com\/en\/wp-json\/wp\/v2\/types\/page"}],"author":[{"embeddable":true,"href":"https:\/\/goactive365.com\/en\/wp-json\/wp\/v2\/users\/1"}],"replies":[{"embeddable":true,"href":"https:\/\/goactive365.com\/en\/wp-json\/wp\/v2\/comments?post=209"}],"version-history":[{"count":24,"href":"https:\/\/goactive365.com\/en\/wp-json\/wp\/v2\/pages\/209\/revisions"}],"predecessor-version":[{"id":680,"href":"https:\/\/goactive365.com\/en\/wp-json\/wp\/v2\/pages\/209\/revisions\/680"}],"wp:attachment":[{"href":"https:\/\/goactive365.com\/en\/wp-json\/wp\/v2\/media?parent=209"}],"curies":[{"name":"wp","href":"https:\/\/api.w.org\/{rel}","templated":true}]}}